{"id":2153,"date":"2024-03-21T11:52:08","date_gmt":"2024-03-21T10:52:08","guid":{"rendered":"https:\/\/itsaeurope.net\/politica-de-privadesa\/"},"modified":"2024-06-17T09:46:30","modified_gmt":"2024-06-17T07:46:30","slug":"politica-de-privadesa","status":"publish","type":"page","link":"https:\/\/itsaeurope.net\/ca\/politica-de-privadesa\/","title":{"rendered":"Pol\u00edtica de privadesa"},"content":{"rendered":"<div  class='flex_column av-245iz-5667e12d5b1e9a426ca86f72ffc32df2 av_one_full  avia-builder-el-0  avia-builder-el-no-sibling  first flex_column_div  '     ><p>\n<style type=\"text\/css\" data-created_by=\"avia_inline_auto\" id=\"style-css-av-zuaj-d3a2d380fb5025d29bf1ec4f518acf35\">\n#top .av-special-heading.av-zuaj-d3a2d380fb5025d29bf1ec4f518acf35{\npadding-bottom:10px;\n}\nbody .av-special-heading.av-zuaj-d3a2d380fb5025d29bf1ec4f518acf35 .av-special-heading-tag .heading-char{\nfont-size:25px;\n}\n.av-special-heading.av-zuaj-d3a2d380fb5025d29bf1ec4f518acf35 .av-subheading{\nfont-size:15px;\n}\n<\/style>\n<div  class='av-special-heading av-zuaj-d3a2d380fb5025d29bf1ec4f518acf35 av-special-heading-h1 blockquote modern-quote  avia-builder-el-1  el_before_av_textblock  avia-builder-el-first '><h1 class='av-special-heading-tag'  itemprop=\"headline\"  >Pol\u00edtica de privadesa<\/h1><div class=\"special-heading-border\"><div class=\"special-heading-inner-border\"><\/div><\/div><\/div><br \/>\n<section  class='av_textblock_section av-11b5b-052be1126276323be29ad762e04c09f8 '   itemscope=\"itemscope\" itemtype=\"https:\/\/schema.org\/CreativeWork\" ><div class='avia_textblock'  itemprop=\"text\" ><p>Aquest document de Tractament de Dades Personals t\u00e9 per objecte donar a con\u00e8ixer el m\u00e8tode en qu\u00e8 es recullen, tracten i protegeixen les dades de car\u00e0cter personal recollides a trav\u00e9s del lloc web, a fi que els usuaris determinin lliurement i volunt\u00e0riament si volen facilitar les vostres dades personals a trav\u00e9s del present lloc web. L&#8217;acc\u00e9s i \u00fas del lloc web, una vegada donat el consentiment expr\u00e9s marcant la corresponent casella per part de l&#8217;usuari, implica la plena acceptaci\u00f3 del present document sobre Tractament de Dades Personals i s&#8217;obliga a complir totalment els termes i condicions recollits en el mateix. Per tant, l&#8217;usuari ha de llegir atentament aquest document en cadascuna de les ocasions en qu\u00e8 es proposi utilitzar el lloc web, ja que pot tenir modificacions. Aquest document ser\u00e0 v\u00e0lid \u00fanicament per a les dades de car\u00e0cter personal obtingudes des del lloc web, i no \u00e9s aplicable per a aquella informaci\u00f3 recollida per tercers en altres p\u00e0gines web, fins i tot si aquestes estan enlla\u00e7ades des d&#8217;aquest mateix lloc web.<\/p>\n<h3>Qui \u00e9s el responsable del tractament de les vostres dades?<\/h3>\n<p>El responsable de les dades \u00e9s Innovacions Tecnol\u00f2giques SA, d&#8217;ara endavant L&#8217;EMPRESA:<\/p>\n<ul>\n<li>La seva denominaci\u00f3 social \u00e9s: Innovacions Tecnol\u00f2giques SA<\/li>\n<li>El seu nom comercial \u00e9s: Innovacions Tecnol\u00f2giques SA<\/li>\n<li>El seu CIF \u00e9s: A-58979337<\/li>\n<li>El seu domicili social \u00e9s: c\/ de garreta, 83A, Poligon Industrial la Valldan (Berga, 08600 Barcelona)<\/li>\n<\/ul>\n<p>L&#8217;EMPRESA us informa que aquestes dades seran tractades de conformitat amb el que disposen les normatives vigents en protecci\u00f3 de dades personals, el Reglament (UE) 2016\/679 de 27 d&#8217;abril de 2016 (RGPD). Per la qual se li facilita la informaci\u00f3 seg\u00fcent del tractament:<\/p>\n<h3>Amb quina finalitat tractem les vostres dades personals?<\/h3>\n<p>Tractem la informaci\u00f3 que ens faciliten els interessats per realitzar la prospecci\u00f3 d&#8217;enviament de comunicacions comercials sobre la base de l&#8217;inter\u00e8s demostrat sobre els nostres productes i serveis.<\/p>\n<h3>Per quant de temps conservarem les vostres dades?<\/h3>\n<p>Les dades es conservaran durant 10 anys.<\/p>\n<h3>Quina \u00e9s la legitimaci\u00f3 per al tractament de les vostres dades?<\/h3>\n<p>Les dades personals que tractem a L&#8217;EMPRESA procedeixen del mateix interessat, qui ha acceptat el consentiment t\u00e0cit conforme es poden utilitzar les dades per a les finalitats esmentades.<\/p>\n<h3>A qui se cediran les vostres dades?<\/h3>\n<p>No se cediran les dades a tercers, llevat de casos d&#8217;obligaci\u00f3 legal.<\/p>\n<h3>Transfer\u00e8ncies de dades a tercers pa\u00efsos?<\/h3>\n<p>No estan previstes les transfer\u00e8ncies de dades a tercers pa\u00efsos.<\/p>\n<h3>Quins s\u00f3n els vostres drets quan ens facilita les vostres dades?<\/h3>\n<p>T\u00e9 dret a obtenir confirmaci\u00f3 sobre si a L&#8217;EMPRESA estem tractant dades personals que els concerneixin, o no. Els interessats tenen dret a accedir a les seves dades personals, aix\u00ed com a sol\u00b7licitar la rectificaci\u00f3 de les dades inexactes o, si escau, sol\u00b7licitar la seva supressi\u00f3 quan, entre altres motius, les dades ja no siguin necess\u00e0ries per als fins que van ser recollides . En determinades circumst\u00e0ncies, els interessats podran sol\u00b7licitar la limitaci\u00f3 del tractament de les vostres dades, en aquest cas \u00fanicament les conservarem per a l&#8217;exercici o la defensa de reclamacions. En determinades circumst\u00e0ncies i per motius relacionats amb la seva situaci\u00f3 particular, els interessats podran oposar-se al tractament de les seves dades. En aquest cas, L&#8217;EMPRESA deixar\u00e0 de tractar les dades, excepte per motius imperiosos leg\u00edtims, o l&#8217;exercici o la defensa de possibles reclamacions. Vost\u00e8 podr\u00e0 exercir materialment els seus drets de la manera seg\u00fcent: Teniu dret a accedir, rectificar i suprimir les dades, aix\u00ed com altres drets, indicats a la informaci\u00f3 addicional, que podeu exercir dirigint-vos a la direcci\u00f3 del responsable del tractament. Si heu atorgat el vostre consentiment per a alguna finalitat concreta, teniu dret a retirar el consentiment atorgat en qualsevol moment, sense que aix\u00f2 afecti la licitud del tractament basat en el consentiment previ a la seva retirada. En cas que senti vulnerats els seus drets pel que fa a la protecci\u00f3 de les seves dades personals, especialment quan no hagi obtingut satisfacci\u00f3 en l&#8217;exercici dels seus drets, pot presentar una reclamaci\u00f3 davant de l&#8217;Autoritat de Control en mat\u00e8ria de protecci\u00f3 de dades competent a trav\u00e9s de el vostre lloc web: www.agpd.es.<\/p>\n<h3>Quines dades es guarden als nostres sistemes?<\/h3>\n<p>Les categories de dades que es tracten s\u00f3n:<\/p>\n<ul>\n<li>Dades identificatives.<\/li>\n<li>Adreces postals i electr\u00f2niques.<\/li>\n<li>Informaci\u00f3 comercial.<\/li>\n<\/ul>\n<p>No es tracten categories especials de dades personals (s\u00f3n aquelles dades que revelin l&#8217;origen \u00e8tnic o racial, les opinions pol\u00edtiques, les conviccions religioses o filos\u00f2fiques, o l&#8217;afiliaci\u00f3 sindical, dades gen\u00e8tiques, dades biom\u00e8triques adre\u00e7ades a identificar de manera un\u00edvoca una persona f\u00edsica dades relatives a la salut o dades relatives a la vida sexual o l&#8217;orientaci\u00f3 sexual d&#8217;una persona f\u00edsica).<\/p>\n<\/div><\/section><\/p><\/div>\n","protected":false},"excerpt":{"rendered":"","protected":false},"author":3,"featured_media":0,"parent":0,"menu_order":0,"comment_status":"closed","ping_status":"closed","template":"","meta":{"footnotes":""},"class_list":["post-2153","page","type-page","status-publish","hentry"],"yoast_head":"<!-- This site is optimized with the Yoast SEO plugin v27.3 - https:\/\/yoast.com\/product\/yoast-seo-wordpress\/ -->\n<title>Tenim una pol\u00edtica de privadesa per protegir les teves dades - ITSA - Innovacions Tecnol\u00f2giques<\/title>\n<meta name=\"description\" content=\"Descobreix la nostra pol\u00edtica de privadesa. Protecci\u00f3 de dades i seguretat garantides pels nostres usuaris.\" \/>\n<meta name=\"robots\" content=\"index, follow, max-snippet:-1, max-image-preview:large, max-video-preview:-1\" \/>\n<link rel=\"canonical\" href=\"https:\/\/itsaeurope.net\/ca\/politica-de-privadesa\/\" \/>\n<meta property=\"og:locale\" content=\"ca_ES\" \/>\n<meta property=\"og:type\" content=\"article\" \/>\n<meta property=\"og:title\" content=\"Tenim una pol\u00edtica de privadesa per protegir les teves dades - ITSA - Innovacions Tecnol\u00f2giques\" \/>\n<meta property=\"og:description\" content=\"Descobreix la nostra pol\u00edtica de privadesa. Protecci\u00f3 de dades i seguretat garantides pels nostres usuaris.\" \/>\n<meta property=\"og:url\" content=\"https:\/\/itsaeurope.net\/ca\/politica-de-privadesa\/\" \/>\n<meta property=\"og:site_name\" content=\"ITSA - Innovacions Tecnol\u00f2giques\" \/>\n<meta property=\"article:modified_time\" content=\"2024-06-17T07:46:30+00:00\" \/>\n<meta name=\"twitter:card\" content=\"summary_large_image\" \/>\n<meta name=\"twitter:label1\" content=\"Temps estimat de lectura\" \/>\n\t<meta name=\"twitter:data1\" content=\"4 minuts\" \/>\n<script type=\"application\/ld+json\" class=\"yoast-schema-graph\">{\"@context\":\"https:\\\/\\\/schema.org\",\"@graph\":[{\"@type\":\"WebPage\",\"@id\":\"https:\\\/\\\/itsaeurope.net\\\/ca\\\/politica-de-privadesa\\\/\",\"url\":\"https:\\\/\\\/itsaeurope.net\\\/ca\\\/politica-de-privadesa\\\/\",\"name\":\"Tenim una pol\u00edtica de privadesa per protegir les teves dades - ITSA - Innovacions Tecnol\u00f2giques\",\"isPartOf\":{\"@id\":\"https:\\\/\\\/itsaeurope.net\\\/ca\\\/#website\"},\"datePublished\":\"2024-03-21T10:52:08+00:00\",\"dateModified\":\"2024-06-17T07:46:30+00:00\",\"description\":\"Descobreix la nostra pol\u00edtica de privadesa. Protecci\u00f3 de dades i seguretat garantides pels nostres usuaris.\",\"breadcrumb\":{\"@id\":\"https:\\\/\\\/itsaeurope.net\\\/ca\\\/politica-de-privadesa\\\/#breadcrumb\"},\"inLanguage\":\"ca\",\"potentialAction\":[{\"@type\":\"ReadAction\",\"target\":[\"https:\\\/\\\/itsaeurope.net\\\/ca\\\/politica-de-privadesa\\\/\"]}]},{\"@type\":\"BreadcrumbList\",\"@id\":\"https:\\\/\\\/itsaeurope.net\\\/ca\\\/politica-de-privadesa\\\/#breadcrumb\",\"itemListElement\":[{\"@type\":\"ListItem\",\"position\":1,\"name\":\"Inici\",\"item\":\"https:\\\/\\\/itsaeurope.net\\\/ca\\\/inici\\\/\"},{\"@type\":\"ListItem\",\"position\":2,\"name\":\"Pol\u00edtica de privadesa\"}]},{\"@type\":\"WebSite\",\"@id\":\"https:\\\/\\\/itsaeurope.net\\\/ca\\\/#website\",\"url\":\"https:\\\/\\\/itsaeurope.net\\\/ca\\\/\",\"name\":\"ITSA - Innovacions Tecnol\u00f2giques\",\"description\":\"Mobiliario urbano para playas, alcorques y dep\u00f3sitos\",\"publisher\":{\"@id\":\"https:\\\/\\\/itsaeurope.net\\\/ca\\\/#organization\"},\"potentialAction\":[{\"@type\":\"SearchAction\",\"target\":{\"@type\":\"EntryPoint\",\"urlTemplate\":\"https:\\\/\\\/itsaeurope.net\\\/ca\\\/?s={search_term_string}\"},\"query-input\":{\"@type\":\"PropertyValueSpecification\",\"valueRequired\":true,\"valueName\":\"search_term_string\"}}],\"inLanguage\":\"ca\"},{\"@type\":\"Organization\",\"@id\":\"https:\\\/\\\/itsaeurope.net\\\/ca\\\/#organization\",\"name\":\"ITSA - Innovacions Tecnol\u00f2giques\",\"url\":\"https:\\\/\\\/itsaeurope.net\\\/ca\\\/\",\"logo\":{\"@type\":\"ImageObject\",\"inLanguage\":\"ca\",\"@id\":\"https:\\\/\\\/itsaeurope.net\\\/ca\\\/#\\\/schema\\\/logo\\\/image\\\/\",\"url\":\"https:\\\/\\\/itsaeurope.net\\\/wp-content\\\/uploads\\\/2023\\\/12\\\/logo-itsa.png\",\"contentUrl\":\"https:\\\/\\\/itsaeurope.net\\\/wp-content\\\/uploads\\\/2023\\\/12\\\/logo-itsa.png\",\"width\":400,\"height\":213,\"caption\":\"ITSA - Innovacions Tecnol\u00f2giques\"},\"image\":{\"@id\":\"https:\\\/\\\/itsaeurope.net\\\/ca\\\/#\\\/schema\\\/logo\\\/image\\\/\"}}]}<\/script>\n<!-- \/ Yoast SEO plugin. -->","yoast_head_json":{"title":"Tenim una pol\u00edtica de privadesa per protegir les teves dades - ITSA - Innovacions Tecnol\u00f2giques","description":"Descobreix la nostra pol\u00edtica de privadesa. Protecci\u00f3 de dades i seguretat garantides pels nostres usuaris.","robots":{"index":"index","follow":"follow","max-snippet":"max-snippet:-1","max-image-preview":"max-image-preview:large","max-video-preview":"max-video-preview:-1"},"canonical":"https:\/\/itsaeurope.net\/ca\/politica-de-privadesa\/","og_locale":"ca_ES","og_type":"article","og_title":"Tenim una pol\u00edtica de privadesa per protegir les teves dades - ITSA - Innovacions Tecnol\u00f2giques","og_description":"Descobreix la nostra pol\u00edtica de privadesa. Protecci\u00f3 de dades i seguretat garantides pels nostres usuaris.","og_url":"https:\/\/itsaeurope.net\/ca\/politica-de-privadesa\/","og_site_name":"ITSA - Innovacions Tecnol\u00f2giques","article_modified_time":"2024-06-17T07:46:30+00:00","twitter_card":"summary_large_image","twitter_misc":{"Temps estimat de lectura":"4 minuts"},"schema":{"@context":"https:\/\/schema.org","@graph":[{"@type":"WebPage","@id":"https:\/\/itsaeurope.net\/ca\/politica-de-privadesa\/","url":"https:\/\/itsaeurope.net\/ca\/politica-de-privadesa\/","name":"Tenim una pol\u00edtica de privadesa per protegir les teves dades - ITSA - Innovacions Tecnol\u00f2giques","isPartOf":{"@id":"https:\/\/itsaeurope.net\/ca\/#website"},"datePublished":"2024-03-21T10:52:08+00:00","dateModified":"2024-06-17T07:46:30+00:00","description":"Descobreix la nostra pol\u00edtica de privadesa. Protecci\u00f3 de dades i seguretat garantides pels nostres usuaris.","breadcrumb":{"@id":"https:\/\/itsaeurope.net\/ca\/politica-de-privadesa\/#breadcrumb"},"inLanguage":"ca","potentialAction":[{"@type":"ReadAction","target":["https:\/\/itsaeurope.net\/ca\/politica-de-privadesa\/"]}]},{"@type":"BreadcrumbList","@id":"https:\/\/itsaeurope.net\/ca\/politica-de-privadesa\/#breadcrumb","itemListElement":[{"@type":"ListItem","position":1,"name":"Inici","item":"https:\/\/itsaeurope.net\/ca\/inici\/"},{"@type":"ListItem","position":2,"name":"Pol\u00edtica de privadesa"}]},{"@type":"WebSite","@id":"https:\/\/itsaeurope.net\/ca\/#website","url":"https:\/\/itsaeurope.net\/ca\/","name":"ITSA - Innovacions Tecnol\u00f2giques","description":"Mobiliario urbano para playas, alcorques y dep\u00f3sitos","publisher":{"@id":"https:\/\/itsaeurope.net\/ca\/#organization"},"potentialAction":[{"@type":"SearchAction","target":{"@type":"EntryPoint","urlTemplate":"https:\/\/itsaeurope.net\/ca\/?s={search_term_string}"},"query-input":{"@type":"PropertyValueSpecification","valueRequired":true,"valueName":"search_term_string"}}],"inLanguage":"ca"},{"@type":"Organization","@id":"https:\/\/itsaeurope.net\/ca\/#organization","name":"ITSA - Innovacions Tecnol\u00f2giques","url":"https:\/\/itsaeurope.net\/ca\/","logo":{"@type":"ImageObject","inLanguage":"ca","@id":"https:\/\/itsaeurope.net\/ca\/#\/schema\/logo\/image\/","url":"https:\/\/itsaeurope.net\/wp-content\/uploads\/2023\/12\/logo-itsa.png","contentUrl":"https:\/\/itsaeurope.net\/wp-content\/uploads\/2023\/12\/logo-itsa.png","width":400,"height":213,"caption":"ITSA - Innovacions Tecnol\u00f2giques"},"image":{"@id":"https:\/\/itsaeurope.net\/ca\/#\/schema\/logo\/image\/"}}]}},"_links":{"self":[{"href":"https:\/\/itsaeurope.net\/ca\/wp-json\/wp\/v2\/pages\/2153","targetHints":{"allow":["GET"]}}],"collection":[{"href":"https:\/\/itsaeurope.net\/ca\/wp-json\/wp\/v2\/pages"}],"about":[{"href":"https:\/\/itsaeurope.net\/ca\/wp-json\/wp\/v2\/types\/page"}],"author":[{"embeddable":true,"href":"https:\/\/itsaeurope.net\/ca\/wp-json\/wp\/v2\/users\/3"}],"replies":[{"embeddable":true,"href":"https:\/\/itsaeurope.net\/ca\/wp-json\/wp\/v2\/comments?post=2153"}],"version-history":[{"count":3,"href":"https:\/\/itsaeurope.net\/ca\/wp-json\/wp\/v2\/pages\/2153\/revisions"}],"predecessor-version":[{"id":3559,"href":"https:\/\/itsaeurope.net\/ca\/wp-json\/wp\/v2\/pages\/2153\/revisions\/3559"}],"wp:attachment":[{"href":"https:\/\/itsaeurope.net\/ca\/wp-json\/wp\/v2\/media?parent=2153"}],"curies":[{"name":"wp","href":"https:\/\/api.w.org\/{rel}","templated":true}]}}