{"id":2164,"date":"2024-03-21T11:52:36","date_gmt":"2024-03-21T10:52:36","guid":{"rendered":"https:\/\/itsaeurope.net\/declaracio-daccessibilitat\/"},"modified":"2024-06-14T10:45:57","modified_gmt":"2024-06-14T08:45:57","slug":"declaracio-daccessibilitat","status":"publish","type":"page","link":"https:\/\/itsaeurope.net\/ca\/declaracio-daccessibilitat\/","title":{"rendered":"Declaraci\u00f3 d&#8217;accessibilitat"},"content":{"rendered":"<div  class='flex_column av-105su-b37ba425f3d81987c5209e7f7fffb8f7 av_one_full  avia-builder-el-0  avia-builder-el-no-sibling  first flex_column_div  '     ><p>\n<style type=\"text\/css\" data-created_by=\"avia_inline_auto\" id=\"style-css-av-lhtlawvs-170b002b3d9047b1e22afdfbcbf0a172\">\n#top .av-special-heading.av-lhtlawvs-170b002b3d9047b1e22afdfbcbf0a172{\npadding-bottom:10px;\n}\nbody .av-special-heading.av-lhtlawvs-170b002b3d9047b1e22afdfbcbf0a172 .av-special-heading-tag .heading-char{\nfont-size:25px;\n}\n.av-special-heading.av-lhtlawvs-170b002b3d9047b1e22afdfbcbf0a172 .av-subheading{\nfont-size:15px;\n}\n<\/style>\n<div  class='av-special-heading av-lhtlawvs-170b002b3d9047b1e22afdfbcbf0a172 av-special-heading-h1 blockquote modern-quote  avia-builder-el-1  el_before_av_textblock  avia-builder-el-first '><h1 class='av-special-heading-tag'  itemprop=\"headline\"  >Declaraci\u00f3 d\u2019accessibilitat<\/h1><div class=\"special-heading-border\"><div class=\"special-heading-inner-border\"><\/div><\/div><\/div><br \/>\n<section  class='av_textblock_section av-lhtl1wru-9febd0037279fae4a2d0208f97eda571 '   itemscope=\"itemscope\" itemtype=\"https:\/\/schema.org\/CreativeWork\" ><div class='avia_textblock'  itemprop=\"text\" ><p>Innovacions Tecnol\u00f2giques SA es compromet a fer accessible el vostre lloc web de conformitat amb el <a href=\"https:\/\/www.boe.es\/eli\/es\/rd\/2018\/09\/07\/1112\">Reial Decret 1112\/2018<\/a> , de 7 de setembre, sobre accessibilitat dels llocs web i aplicacions per a dispositius m\u00f2bils del sector p\u00fablic.<\/p>\n<p>Aquesta declaraci\u00f3 d&#8217;accessibilitat s&#8217;aplica a aquest lloc web.<\/p>\n<h2>Situaci\u00f3 de compliment<\/h2>\n<p>Aquest lloc web \u00e9s plenament conforme amb el RD 1112\/2018.<\/p>\n<h2>Contingut no accessible<\/h2>\n<p>El contingut que es recull a continuaci\u00f3 no \u00e9s accessible pel seg\u00fcent:<\/p>\n<p><strong>Manca de conformitat amb el RD 1112\/2018<\/strong><\/p>\n<p>Es poden trobar encara nidaments incorrectes d&#8217;etiquetes.<\/p>\n<p>Podrien haver-hi errors puntuals d&#8217;edici\u00f3 a la p\u00e0gina web.<\/p>\n<p><strong>C\u00e0rrega desproporcionada<\/strong><\/p>\n<p>No s&#8217;aplica.<\/p>\n<h2>Preparaci\u00f3 d&#8217;aquesta declaraci\u00f3 d&#8217;accessibilitat<\/h2>\n<p>Aquesta declaraci\u00f3 va ser preparada el 05 de maig de 2023.<\/p>\n<p>El m\u00e8tode emprat per preparar la declaraci\u00f3 ha estat una autoavaluaci\u00f3 duta a terme per la pr\u00f2pia empresa.<\/p>\n<h2>Observacions i dades de contacte<\/h2>\n<p>Podeu realitzar comunicacions sobre requisits d&#8217;accessibilitat (article 10.2.a) del RD 1112\/2018) com per exemple:<\/p>\n<ul>\n<li>Informar sobre qualsevol possible incompliment per part daquest lloc web.<\/li>\n<li>Transmetre altres dificultats dacc\u00e9s al contingut.<\/li>\n<li>Formular qualsevol altra consulta o suggeriment de millora relativa a laccessibilitat del lloc web.<\/li>\n<\/ul>\n<p>A trav\u00e9s del nostre formulari de contacte, per tel\u00e8fon o de manera presencial a la nostra seu.<\/p>\n<p>Les comunicacions, les queixes i les sol\u00b7licituds d&#8217;informaci\u00f3 accessibles seran rebudes i tractades pel nostre equip.<\/p>\n<\/div><\/section><\/p><\/div>\n","protected":false},"excerpt":{"rendered":"","protected":false},"author":3,"featured_media":0,"parent":0,"menu_order":0,"comment_status":"closed","ping_status":"closed","template":"","meta":{"footnotes":""},"class_list":["post-2164","page","type-page","status-publish","hentry"],"yoast_head":"<!-- This site is optimized with the Yoast SEO plugin v27.3 - https:\/\/yoast.com\/product\/yoast-seo-wordpress\/ -->\n<title>Declaraci\u00f3 d&#039;Accessibilitat: Millorant l&#039;experi\u00e8ncia per a tothom - ITSA - Innovacions Tecnol\u00f2giques<\/title>\n<meta name=\"description\" content=\"Assegureu l&#039;accessibilitat web amb la Declaraci\u00f3 d&#039;Accessibilitat. Descobreix en qu\u00e8 consisteix i com la pots implementar.\" \/>\n<meta name=\"robots\" content=\"index, follow, max-snippet:-1, max-image-preview:large, max-video-preview:-1\" \/>\n<link rel=\"canonical\" href=\"https:\/\/itsaeurope.net\/ca\/declaracio-daccessibilitat\/\" \/>\n<meta property=\"og:locale\" content=\"ca_ES\" \/>\n<meta property=\"og:type\" content=\"article\" \/>\n<meta property=\"og:title\" content=\"Declaraci\u00f3 d&#039;Accessibilitat: Millorant l&#039;experi\u00e8ncia per a tothom - ITSA - Innovacions Tecnol\u00f2giques\" \/>\n<meta property=\"og:description\" content=\"Assegureu l&#039;accessibilitat web amb la Declaraci\u00f3 d&#039;Accessibilitat. Descobreix en qu\u00e8 consisteix i com la pots implementar.\" \/>\n<meta property=\"og:url\" content=\"https:\/\/itsaeurope.net\/ca\/declaracio-daccessibilitat\/\" \/>\n<meta property=\"og:site_name\" content=\"ITSA - Innovacions Tecnol\u00f2giques\" \/>\n<meta property=\"article:modified_time\" content=\"2024-06-14T08:45:57+00:00\" \/>\n<meta name=\"twitter:card\" content=\"summary_large_image\" \/>\n<meta name=\"twitter:label1\" content=\"Temps estimat de lectura\" \/>\n\t<meta name=\"twitter:data1\" content=\"1 minut\" \/>\n<script type=\"application\/ld+json\" class=\"yoast-schema-graph\">{\"@context\":\"https:\\\/\\\/schema.org\",\"@graph\":[{\"@type\":\"WebPage\",\"@id\":\"https:\\\/\\\/itsaeurope.net\\\/ca\\\/declaracio-daccessibilitat\\\/\",\"url\":\"https:\\\/\\\/itsaeurope.net\\\/ca\\\/declaracio-daccessibilitat\\\/\",\"name\":\"Declaraci\u00f3 d'Accessibilitat: Millorant l'experi\u00e8ncia per a tothom - ITSA - Innovacions Tecnol\u00f2giques\",\"isPartOf\":{\"@id\":\"https:\\\/\\\/itsaeurope.net\\\/ca\\\/#website\"},\"datePublished\":\"2024-03-21T10:52:36+00:00\",\"dateModified\":\"2024-06-14T08:45:57+00:00\",\"description\":\"Assegureu l'accessibilitat web amb la Declaraci\u00f3 d'Accessibilitat. Descobreix en qu\u00e8 consisteix i com la pots implementar.\",\"breadcrumb\":{\"@id\":\"https:\\\/\\\/itsaeurope.net\\\/ca\\\/declaracio-daccessibilitat\\\/#breadcrumb\"},\"inLanguage\":\"ca\",\"potentialAction\":[{\"@type\":\"ReadAction\",\"target\":[\"https:\\\/\\\/itsaeurope.net\\\/ca\\\/declaracio-daccessibilitat\\\/\"]}]},{\"@type\":\"BreadcrumbList\",\"@id\":\"https:\\\/\\\/itsaeurope.net\\\/ca\\\/declaracio-daccessibilitat\\\/#breadcrumb\",\"itemListElement\":[{\"@type\":\"ListItem\",\"position\":1,\"name\":\"Inici\",\"item\":\"https:\\\/\\\/itsaeurope.net\\\/ca\\\/inici\\\/\"},{\"@type\":\"ListItem\",\"position\":2,\"name\":\"Declaraci\u00f3 d&#8217;accessibilitat\"}]},{\"@type\":\"WebSite\",\"@id\":\"https:\\\/\\\/itsaeurope.net\\\/ca\\\/#website\",\"url\":\"https:\\\/\\\/itsaeurope.net\\\/ca\\\/\",\"name\":\"ITSA - Innovacions Tecnol\u00f2giques\",\"description\":\"Mobiliario urbano para playas, alcorques y dep\u00f3sitos\",\"publisher\":{\"@id\":\"https:\\\/\\\/itsaeurope.net\\\/ca\\\/#organization\"},\"potentialAction\":[{\"@type\":\"SearchAction\",\"target\":{\"@type\":\"EntryPoint\",\"urlTemplate\":\"https:\\\/\\\/itsaeurope.net\\\/ca\\\/?s={search_term_string}\"},\"query-input\":{\"@type\":\"PropertyValueSpecification\",\"valueRequired\":true,\"valueName\":\"search_term_string\"}}],\"inLanguage\":\"ca\"},{\"@type\":\"Organization\",\"@id\":\"https:\\\/\\\/itsaeurope.net\\\/ca\\\/#organization\",\"name\":\"ITSA - Innovacions Tecnol\u00f2giques\",\"url\":\"https:\\\/\\\/itsaeurope.net\\\/ca\\\/\",\"logo\":{\"@type\":\"ImageObject\",\"inLanguage\":\"ca\",\"@id\":\"https:\\\/\\\/itsaeurope.net\\\/ca\\\/#\\\/schema\\\/logo\\\/image\\\/\",\"url\":\"https:\\\/\\\/itsaeurope.net\\\/wp-content\\\/uploads\\\/2023\\\/12\\\/logo-itsa.png\",\"contentUrl\":\"https:\\\/\\\/itsaeurope.net\\\/wp-content\\\/uploads\\\/2023\\\/12\\\/logo-itsa.png\",\"width\":400,\"height\":213,\"caption\":\"ITSA - Innovacions Tecnol\u00f2giques\"},\"image\":{\"@id\":\"https:\\\/\\\/itsaeurope.net\\\/ca\\\/#\\\/schema\\\/logo\\\/image\\\/\"}}]}<\/script>\n<!-- \/ Yoast SEO plugin. -->","yoast_head_json":{"title":"Declaraci\u00f3 d'Accessibilitat: Millorant l'experi\u00e8ncia per a tothom - ITSA - Innovacions Tecnol\u00f2giques","description":"Assegureu l'accessibilitat web amb la Declaraci\u00f3 d'Accessibilitat. Descobreix en qu\u00e8 consisteix i com la pots implementar.","robots":{"index":"index","follow":"follow","max-snippet":"max-snippet:-1","max-image-preview":"max-image-preview:large","max-video-preview":"max-video-preview:-1"},"canonical":"https:\/\/itsaeurope.net\/ca\/declaracio-daccessibilitat\/","og_locale":"ca_ES","og_type":"article","og_title":"Declaraci\u00f3 d'Accessibilitat: Millorant l'experi\u00e8ncia per a tothom - ITSA - Innovacions Tecnol\u00f2giques","og_description":"Assegureu l'accessibilitat web amb la Declaraci\u00f3 d'Accessibilitat. Descobreix en qu\u00e8 consisteix i com la pots implementar.","og_url":"https:\/\/itsaeurope.net\/ca\/declaracio-daccessibilitat\/","og_site_name":"ITSA - Innovacions Tecnol\u00f2giques","article_modified_time":"2024-06-14T08:45:57+00:00","twitter_card":"summary_large_image","twitter_misc":{"Temps estimat de lectura":"1 minut"},"schema":{"@context":"https:\/\/schema.org","@graph":[{"@type":"WebPage","@id":"https:\/\/itsaeurope.net\/ca\/declaracio-daccessibilitat\/","url":"https:\/\/itsaeurope.net\/ca\/declaracio-daccessibilitat\/","name":"Declaraci\u00f3 d'Accessibilitat: Millorant l'experi\u00e8ncia per a tothom - ITSA - Innovacions Tecnol\u00f2giques","isPartOf":{"@id":"https:\/\/itsaeurope.net\/ca\/#website"},"datePublished":"2024-03-21T10:52:36+00:00","dateModified":"2024-06-14T08:45:57+00:00","description":"Assegureu l'accessibilitat web amb la Declaraci\u00f3 d'Accessibilitat. Descobreix en qu\u00e8 consisteix i com la pots implementar.","breadcrumb":{"@id":"https:\/\/itsaeurope.net\/ca\/declaracio-daccessibilitat\/#breadcrumb"},"inLanguage":"ca","potentialAction":[{"@type":"ReadAction","target":["https:\/\/itsaeurope.net\/ca\/declaracio-daccessibilitat\/"]}]},{"@type":"BreadcrumbList","@id":"https:\/\/itsaeurope.net\/ca\/declaracio-daccessibilitat\/#breadcrumb","itemListElement":[{"@type":"ListItem","position":1,"name":"Inici","item":"https:\/\/itsaeurope.net\/ca\/inici\/"},{"@type":"ListItem","position":2,"name":"Declaraci\u00f3 d&#8217;accessibilitat"}]},{"@type":"WebSite","@id":"https:\/\/itsaeurope.net\/ca\/#website","url":"https:\/\/itsaeurope.net\/ca\/","name":"ITSA - Innovacions Tecnol\u00f2giques","description":"Mobiliario urbano para playas, alcorques y dep\u00f3sitos","publisher":{"@id":"https:\/\/itsaeurope.net\/ca\/#organization"},"potentialAction":[{"@type":"SearchAction","target":{"@type":"EntryPoint","urlTemplate":"https:\/\/itsaeurope.net\/ca\/?s={search_term_string}"},"query-input":{"@type":"PropertyValueSpecification","valueRequired":true,"valueName":"search_term_string"}}],"inLanguage":"ca"},{"@type":"Organization","@id":"https:\/\/itsaeurope.net\/ca\/#organization","name":"ITSA - Innovacions Tecnol\u00f2giques","url":"https:\/\/itsaeurope.net\/ca\/","logo":{"@type":"ImageObject","inLanguage":"ca","@id":"https:\/\/itsaeurope.net\/ca\/#\/schema\/logo\/image\/","url":"https:\/\/itsaeurope.net\/wp-content\/uploads\/2023\/12\/logo-itsa.png","contentUrl":"https:\/\/itsaeurope.net\/wp-content\/uploads\/2023\/12\/logo-itsa.png","width":400,"height":213,"caption":"ITSA - Innovacions Tecnol\u00f2giques"},"image":{"@id":"https:\/\/itsaeurope.net\/ca\/#\/schema\/logo\/image\/"}}]}},"_links":{"self":[{"href":"https:\/\/itsaeurope.net\/ca\/wp-json\/wp\/v2\/pages\/2164","targetHints":{"allow":["GET"]}}],"collection":[{"href":"https:\/\/itsaeurope.net\/ca\/wp-json\/wp\/v2\/pages"}],"about":[{"href":"https:\/\/itsaeurope.net\/ca\/wp-json\/wp\/v2\/types\/page"}],"author":[{"embeddable":true,"href":"https:\/\/itsaeurope.net\/ca\/wp-json\/wp\/v2\/users\/3"}],"replies":[{"embeddable":true,"href":"https:\/\/itsaeurope.net\/ca\/wp-json\/wp\/v2\/comments?post=2164"}],"version-history":[{"count":3,"href":"https:\/\/itsaeurope.net\/ca\/wp-json\/wp\/v2\/pages\/2164\/revisions"}],"predecessor-version":[{"id":3529,"href":"https:\/\/itsaeurope.net\/ca\/wp-json\/wp\/v2\/pages\/2164\/revisions\/3529"}],"wp:attachment":[{"href":"https:\/\/itsaeurope.net\/ca\/wp-json\/wp\/v2\/media?parent=2164"}],"curies":[{"name":"wp","href":"https:\/\/api.w.org\/{rel}","templated":true}]}}